{"id":3967,"date":"2025-10-15T06:09:12","date_gmt":"2025-10-15T06:09:12","guid":{"rendered":"https:\/\/cbdtaker.com\/?post_type=product&#038;p=3967"},"modified":"2025-10-25T02:43:49","modified_gmt":"2025-10-25T02:43:49","slug":"sg12-pro","status":"publish","type":"product","link":"https:\/\/cbdtaker.com\/sk\/produkt\/sg12-pro\/","title":{"rendered":"Smart Audio Glasses SG12 Pro With AI"},"content":{"rendered":"","protected":false},"excerpt":{"rendered":"<ul>\n<li>Verzia Bluetooth\uff1aBluetrum AB5756C<\/li>\n<li>Protokoly Bluetooth: A2DP, AV RCP, AV DTP, HSP, HFP<\/li>\n<li>\u0160pecifik\u00e1cia rohu:1509 Horn<\/li>\n<li>kontrolka: \u010derven\u00e1 + modr\u00e1<\/li>\n<li>Bat\u00e9ria: 80 mAh + 80 mAh<\/li>\n<li>Nab\u00edjanie: typ C (prav\u00fd + \u013eav\u00fd)<\/li>\n<li>\u010cas nab\u00edjania: 1-2 h<\/li>\n<li>\u010cas prehr\u00e1vania: 4-5 h<\/li>\n<li>Ovl\u00e1danie: ovl\u00e1danie tla\u010didlami<\/li>\n<li>R\u00e1m: PC + ABS<\/li>\n<li>Objekt\u00edv: PC<\/li>\n<li>Chr\u00e1my: PC<\/li>\n<li>Pre prisp\u00f4sobenie loga je minim\u00e1lne mno\u017estvo objedn\u00e1vky (MOQ) 500 kusov.<\/li>\n<li>Prisp\u00f4sobenie balenia si vy\u017eaduje minim\u00e1lne 2 000 kusov.<\/li>\n<\/ul>","protected":false},"featured_media":3970,"comment_status":"open","ping_status":"closed","template":"","meta":[],"product_brand":[],"product_cat":[27],"product_tag":[],"class_list":{"0":"post-3967","1":"product","2":"type-product","3":"status-publish","4":"has-post-thumbnail","6":"product_cat-smart-glasses","8":"first","9":"instock","10":"shipping-taxable","11":"product-type-simple"},"yoast_head":"<!-- This site is optimized with the Yoast SEO Premium plugin v24.5 (Yoast SEO v24.5) - https:\/\/yoast.com\/wordpress\/plugins\/seo\/ -->\n<title>Smart Audio Glasses SG12 Pro With AI - Smart Audio Glasses<\/title>\n<meta name=\"description\" content=\"Premium audio smart glasses with AI assistant support, music playback, hands-free calls, and 130-language translation. OEM factory supply.\" \/>\n<meta name=\"robots\" content=\"index, follow, max-snippet:-1, max-image-preview:large, max-video-preview:-1\" \/>\n<link rel=\"canonical\" href=\"https:\/\/cbdtaker.com\/sk\/produkt\/sg12-pro\/\" \/>\n<meta property=\"og:locale\" content=\"sk_SK\" \/>\n<meta property=\"og:type\" content=\"article\" \/>\n<meta property=\"og:title\" content=\"Smart Audio Glasses SG12 Pro With AI\" \/>\n<meta property=\"og:description\" content=\"Premium audio smart glasses with AI assistant support, music playback, hands-free calls, and 130-language translation. OEM factory supply.\" \/>\n<meta property=\"og:url\" content=\"https:\/\/cbdtaker.com\/sk\/produkt\/sg12-pro\/\" \/>\n<meta property=\"og:site_name\" content=\"Smart Audio Glasses\" \/>\n<meta property=\"article:modified_time\" content=\"2025-10-25T02:43:49+00:00\" \/>\n<meta property=\"og:image\" content=\"https:\/\/cbdtaker.com\/wp-content\/uploads\/2025\/10\/1.3230.avif\" \/>\n\t<meta property=\"og:image:width\" content=\"1600\" \/>\n\t<meta property=\"og:image:height\" content=\"1200\" \/>\n\t<meta property=\"og:image:type\" content=\"image\/jpeg\" \/>\n<meta name=\"twitter:card\" content=\"summary_large_image\" \/>\n<meta name=\"twitter:label1\" content=\"Est. reading time\" \/>\n\t<meta name=\"twitter:data1\" content=\"1 min\u00fata\" \/>\n<script type=\"application\/ld+json\" class=\"yoast-schema-graph\">{\"@context\":\"https:\/\/schema.org\",\"@graph\":[{\"@type\":\"WebPage\",\"@id\":\"https:\/\/cbdtaker.com\/de\/produkt\/sg12-pro\/\",\"url\":\"https:\/\/cbdtaker.com\/de\/produkt\/sg12-pro\/\",\"name\":\"Smart Audio Glasses SG12 Pro With AI - Smart Audio Glasses\",\"isPartOf\":{\"@id\":\"https:\/\/cbdtaker.com\/ary\/#website\"},\"primaryImageOfPage\":{\"@id\":\"https:\/\/cbdtaker.com\/de\/produkt\/sg12-pro\/#primaryimage\"},\"image\":{\"@id\":\"https:\/\/cbdtaker.com\/de\/produkt\/sg12-pro\/#primaryimage\"},\"thumbnailUrl\":\"https:\/\/cbdtaker.com\/wp-content\/uploads\/2025\/10\/1.3230.avif\",\"datePublished\":\"2025-10-15T06:09:12+00:00\",\"dateModified\":\"2025-10-25T02:43:49+00:00\",\"description\":\"Premium audio smart glasses with AI assistant support, music playback, hands-free calls, and 130-language translation. OEM factory supply.\",\"breadcrumb\":{\"@id\":\"https:\/\/cbdtaker.com\/de\/produkt\/sg12-pro\/#breadcrumb\"},\"inLanguage\":\"sk-SK\",\"potentialAction\":[{\"@type\":\"ReadAction\",\"target\":[\"https:\/\/cbdtaker.com\/de\/produkt\/sg12-pro\/\"]}]},{\"@type\":\"ImageObject\",\"inLanguage\":\"sk-SK\",\"@id\":\"https:\/\/cbdtaker.com\/de\/produkt\/sg12-pro\/#primaryimage\",\"url\":\"https:\/\/cbdtaker.com\/wp-content\/uploads\/2025\/10\/1.3230.avif\",\"contentUrl\":\"https:\/\/cbdtaker.com\/wp-content\/uploads\/2025\/10\/1.3230.avif\",\"width\":1600,\"height\":1200},{\"@type\":\"BreadcrumbList\",\"@id\":\"https:\/\/cbdtaker.com\/de\/produkt\/sg12-pro\/#breadcrumb\",\"itemListElement\":[{\"@type\":\"ListItem\",\"position\":1,\"name\":\"\u9996\u9875\",\"item\":\"https:\/\/cbdtaker.com\/\"},{\"@type\":\"ListItem\",\"position\":2,\"name\":\"\u5546\u5e97\",\"item\":\"https:\/\/cbdtaker.com\/es_mx\/shop\/\"},{\"@type\":\"ListItem\",\"position\":3,\"name\":\"Smart Audio Glasses SG12 Pro With AI\"}]},{\"@type\":\"WebSite\",\"@id\":\"https:\/\/cbdtaker.com\/ary\/#website\",\"url\":\"https:\/\/cbdtaker.com\/ary\/\",\"name\":\"Smart Audio Glasses\",\"description\":\"Leading Smart Glasses Manufacturer\",\"potentialAction\":[{\"@type\":\"SearchAction\",\"target\":{\"@type\":\"EntryPoint\",\"urlTemplate\":\"https:\/\/cbdtaker.com\/ary\/?s={search_term_string}\"},\"query-input\":{\"@type\":\"PropertyValueSpecification\",\"valueRequired\":true,\"valueName\":\"search_term_string\"}}],\"inLanguage\":\"sk-SK\"}]}<\/script>\n<!-- \/ Yoast SEO Premium plugin. -->","yoast_head_json":{"title":"Smart Audio Glasses SG12 Pro With AI - Smart Audio Glasses","description":"Premium audio smart glasses with AI assistant support, music playback, hands-free calls, and 130-language translation. OEM factory supply.","robots":{"index":"index","follow":"follow","max-snippet":"max-snippet:-1","max-image-preview":"max-image-preview:large","max-video-preview":"max-video-preview:-1"},"canonical":"https:\/\/cbdtaker.com\/sk\/produkt\/sg12-pro\/","og_locale":"sk_SK","og_type":"article","og_title":"Smart Audio Glasses SG12 Pro With AI","og_description":"Premium audio smart glasses with AI assistant support, music playback, hands-free calls, and 130-language translation. OEM factory supply.","og_url":"https:\/\/cbdtaker.com\/sk\/produkt\/sg12-pro\/","og_site_name":"Smart Audio Glasses","article_modified_time":"2025-10-25T02:43:49+00:00","og_image":[{"width":1600,"height":1200,"url":"https:\/\/cbdtaker.com\/wp-content\/uploads\/2025\/10\/1.3230.avif","type":"image\/jpeg"}],"twitter_card":"summary_large_image","twitter_misc":{"Est. reading time":"1 min\u00fata"},"schema":{"@context":"https:\/\/schema.org","@graph":[{"@type":"WebPage","@id":"https:\/\/cbdtaker.com\/de\/produkt\/sg12-pro\/","url":"https:\/\/cbdtaker.com\/de\/produkt\/sg12-pro\/","name":"Smart Audio Glasses SG12 Pro With AI - Smart Audio Glasses","isPartOf":{"@id":"https:\/\/cbdtaker.com\/ary\/#website"},"primaryImageOfPage":{"@id":"https:\/\/cbdtaker.com\/de\/produkt\/sg12-pro\/#primaryimage"},"image":{"@id":"https:\/\/cbdtaker.com\/de\/produkt\/sg12-pro\/#primaryimage"},"thumbnailUrl":"https:\/\/cbdtaker.com\/wp-content\/uploads\/2025\/10\/1.3230.avif","datePublished":"2025-10-15T06:09:12+00:00","dateModified":"2025-10-25T02:43:49+00:00","description":"Premium audio smart glasses with AI assistant support, music playback, hands-free calls, and 130-language translation. OEM factory supply.","breadcrumb":{"@id":"https:\/\/cbdtaker.com\/de\/produkt\/sg12-pro\/#breadcrumb"},"inLanguage":"sk-SK","potentialAction":[{"@type":"ReadAction","target":["https:\/\/cbdtaker.com\/de\/produkt\/sg12-pro\/"]}]},{"@type":"ImageObject","inLanguage":"sk-SK","@id":"https:\/\/cbdtaker.com\/de\/produkt\/sg12-pro\/#primaryimage","url":"https:\/\/cbdtaker.com\/wp-content\/uploads\/2025\/10\/1.3230.avif","contentUrl":"https:\/\/cbdtaker.com\/wp-content\/uploads\/2025\/10\/1.3230.avif","width":1600,"height":1200},{"@type":"BreadcrumbList","@id":"https:\/\/cbdtaker.com\/de\/produkt\/sg12-pro\/#breadcrumb","itemListElement":[{"@type":"ListItem","position":1,"name":"\u9996\u9875","item":"https:\/\/cbdtaker.com\/"},{"@type":"ListItem","position":2,"name":"\u5546\u5e97","item":"https:\/\/cbdtaker.com\/es_mx\/shop\/"},{"@type":"ListItem","position":3,"name":"Smart Audio Glasses SG12 Pro With AI"}]},{"@type":"WebSite","@id":"https:\/\/cbdtaker.com\/ary\/#website","url":"https:\/\/cbdtaker.com\/ary\/","name":"Inteligentn\u00e9 zvukov\u00e9 okuliare","description":"Popredn\u00fd v\u00fdrobca inteligentn\u00fdch okuliarov","potentialAction":[{"@type":"SearchAction","target":{"@type":"EntryPoint","urlTemplate":"https:\/\/cbdtaker.com\/ary\/?s={search_term_string}"},"query-input":{"@type":"PropertyValueSpecification","valueRequired":true,"valueName":"search_term_string"}}],"inLanguage":"sk-SK"}]}},"_links":{"self":[{"href":"https:\/\/cbdtaker.com\/sk\/wp-json\/wp\/v2\/product\/3967","targetHints":{"allow":["GET"]}}],"collection":[{"href":"https:\/\/cbdtaker.com\/sk\/wp-json\/wp\/v2\/product"}],"about":[{"href":"https:\/\/cbdtaker.com\/sk\/wp-json\/wp\/v2\/types\/product"}],"replies":[{"embeddable":true,"href":"https:\/\/cbdtaker.com\/sk\/wp-json\/wp\/v2\/comments?post=3967"}],"wp:featuredmedia":[{"embeddable":true,"href":"https:\/\/cbdtaker.com\/sk\/wp-json\/wp\/v2\/media\/3970"}],"wp:attachment":[{"href":"https:\/\/cbdtaker.com\/sk\/wp-json\/wp\/v2\/media?parent=3967"}],"wp:term":[{"taxonomy":"product_brand","embeddable":true,"href":"https:\/\/cbdtaker.com\/sk\/wp-json\/wp\/v2\/product_brand?post=3967"},{"taxonomy":"product_cat","embeddable":true,"href":"https:\/\/cbdtaker.com\/sk\/wp-json\/wp\/v2\/product_cat?post=3967"},{"taxonomy":"product_tag","embeddable":true,"href":"https:\/\/cbdtaker.com\/sk\/wp-json\/wp\/v2\/product_tag?post=3967"}],"curies":[{"name":"wp","href":"https:\/\/api.w.org\/{rel}","templated":true}]}}